{"id":1385,"date":"2024-12-31T12:17:06","date_gmt":"2024-12-31T11:17:06","guid":{"rendered":"https:\/\/titouanrenard.fr\/?page_id=1385"},"modified":"2024-12-31T15:01:51","modified_gmt":"2024-12-31T14:01:51","slug":"5-etapes-pour-superviser-les-liens-operateurs-avec-uptime-kuma-et-power-automate-2","status":"publish","type":"page","link":"https:\/\/titouanrenard.fr\/index.php\/portfolio-titouan-renard\/5-etapes-pour-superviser-les-liens-operateurs-avec-uptime-kuma-et-power-automate-2\/","title":{"rendered":"5 \u00e9tapes de mon projet r\u00e9ussi pour superviser les liens op\u00e9rateurs avec Uptime Kuma et Power Automate"},"content":{"rendered":"\t\t<div data-elementor-type=\"wp-page\" data-elementor-id=\"1385\" class=\"elementor elementor-1385\" data-elementor-post-type=\"page\">\n\t\t\t\t\t\t<section class=\"elementor-section elementor-top-section elementor-element elementor-element-49393465 elementor-section-boxed elementor-section-height-default elementor-section-height-default\" data-id=\"49393465\" data-element_type=\"section\" data-e-type=\"section\">\n\t\t\t\t\t\t<div class=\"elementor-container elementor-column-gap-default\">\n\t\t\t\t\t<div class=\"elementor-column elementor-col-100 elementor-top-column elementor-element elementor-element-19d6ef3c\" data-id=\"19d6ef3c\" data-element_type=\"column\" data-e-type=\"column\" data-settings=\"{&quot;background_background&quot;:&quot;classic&quot;}\">\n\t\t\t<div class=\"elementor-widget-wrap elementor-element-populated\">\n\t\t\t\t\t\t<div class=\"elementor-element elementor-element-27e41ac7 elementor-widget elementor-widget-heading\" data-id=\"27e41ac7\" data-element_type=\"widget\" data-e-type=\"widget\" data-widget_type=\"heading.default\">\n\t\t\t\t<div class=\"elementor-widget-container\">\n\t\t\t\t\t<h1 class=\"elementor-heading-title elementor-size-default\">5 \u00e9tapes de mon projet r\u00e9ussi pour superviser les liens op\u00e9rateurs avec Uptime Kuma et Power Automate<\/h1>\t\t\t\t<\/div>\n\t\t\t\t<\/div>\n\t\t\t\t<div class=\"elementor-element elementor-element-71157ada elementor-widget elementor-widget-image\" data-id=\"71157ada\" data-element_type=\"widget\" data-e-type=\"widget\" data-widget_type=\"image.default\">\n\t\t\t\t<div class=\"elementor-widget-container\">\n\t\t\t\t\t\t\t\t\t\t\t\t\t\t\t<img fetchpriority=\"high\" decoding=\"async\" width=\"700\" height=\"417\" src=\"https:\/\/titouanrenard.fr\/wp-content\/uploads\/2024\/12\/uptime-kuma-dashboard.webp\" class=\"attachment-full size-full wp-image-1445\" alt=\"Capture d\u2019\u00e9cran du tableau de bord Uptime Kuma utilis\u00e9 pour superviser les liens op\u00e9rateurs, affichant les statistiques de disponibilit\u00e9 avec des indicateurs Up, Down et les d\u00e9tails des sondes.\" srcset=\"https:\/\/titouanrenard.fr\/wp-content\/uploads\/2024\/12\/uptime-kuma-dashboard.webp 700w, https:\/\/titouanrenard.fr\/wp-content\/uploads\/2024\/12\/uptime-kuma-dashboard-300x179.webp 300w\" sizes=\"(max-width: 700px) 100vw, 700px\" \/>\t\t\t\t\t\t\t\t\t\t\t\t\t\t\t<\/div>\n\t\t\t\t<\/div>\n\t\t\t\t<div class=\"elementor-element elementor-element-49fe8c96 elementor-icon-list--layout-inline elementor-align-start elementor-list-item-link-full_width elementor-widget elementor-widget-icon-list\" data-id=\"49fe8c96\" data-element_type=\"widget\" data-e-type=\"widget\" data-widget_type=\"icon-list.default\">\n\t\t\t\t<div class=\"elementor-widget-container\">\n\t\t\t\t\t\t\t<ul class=\"elementor-icon-list-items elementor-inline-items\">\n\t\t\t\t\t\t\t<li class=\"elementor-icon-list-item elementor-inline-item\">\n\t\t\t\t\t\t\t\t\t\t\t<span class=\"elementor-icon-list-icon\">\n\t\t\t\t\t\t\t<svg aria-hidden=\"true\" class=\"e-font-icon-svg e-fas-user\" viewBox=\"0 0 448 512\" xmlns=\"http:\/\/www.w3.org\/2000\/svg\"><path d=\"M224 256c70.7 0 128-57.3 128-128S294.7 0 224 0 96 57.3 96 128s57.3 128 128 128zm89.6 32h-16.7c-22.2 10.2-46.9 16-72.9 16s-50.6-5.8-72.9-16h-16.7C60.2 288 0 348.2 0 422.4V464c0 26.5 21.5 48 48 48h352c26.5 0 48-21.5 48-48v-41.6c0-74.2-60.2-134.4-134.4-134.4z\"><\/path><\/svg>\t\t\t\t\t\t<\/span>\n\t\t\t\t\t\t\t\t\t\t<span class=\"elementor-icon-list-text\">R\u00e9dig\u00e9 par : Titouan RENARD<\/span>\n\t\t\t\t\t\t\t\t\t<\/li>\n\t\t\t\t\t\t\t\t<li class=\"elementor-icon-list-item elementor-inline-item\">\n\t\t\t\t\t\t\t\t\t\t\t<span class=\"elementor-icon-list-icon\">\n\t\t\t\t\t\t\t<svg aria-hidden=\"true\" class=\"e-font-icon-svg e-far-calendar-alt\" viewBox=\"0 0 448 512\" xmlns=\"http:\/\/www.w3.org\/2000\/svg\"><path d=\"M148 288h-40c-6.6 0-12-5.4-12-12v-40c0-6.6 5.4-12 12-12h40c6.6 0 12 5.4 12 12v40c0 6.6-5.4 12-12 12zm108-12v-40c0-6.6-5.4-12-12-12h-40c-6.6 0-12 5.4-12 12v40c0 6.6 5.4 12 12 12h40c6.6 0 12-5.4 12-12zm96 0v-40c0-6.6-5.4-12-12-12h-40c-6.6 0-12 5.4-12 12v40c0 6.6 5.4 12 12 12h40c6.6 0 12-5.4 12-12zm-96 96v-40c0-6.6-5.4-12-12-12h-40c-6.6 0-12 5.4-12 12v40c0 6.6 5.4 12 12 12h40c6.6 0 12-5.4 12-12zm-96 0v-40c0-6.6-5.4-12-12-12h-40c-6.6 0-12 5.4-12 12v40c0 6.6 5.4 12 12 12h40c6.6 0 12-5.4 12-12zm192 0v-40c0-6.6-5.4-12-12-12h-40c-6.6 0-12 5.4-12 12v40c0 6.6 5.4 12 12 12h40c6.6 0 12-5.4 12-12zm96-260v352c0 26.5-21.5 48-48 48H48c-26.5 0-48-21.5-48-48V112c0-26.5 21.5-48 48-48h48V12c0-6.6 5.4-12 12-12h40c6.6 0 12 5.4 12 12v52h128V12c0-6.6 5.4-12 12-12h40c6.6 0 12 5.4 12 12v52h48c26.5 0 48 21.5 48 48zm-48 346V160H48v298c0 3.3 2.7 6 6 6h340c3.3 0 6-2.7 6-6z\"><\/path><\/svg>\t\t\t\t\t\t<\/span>\n\t\t\t\t\t\t\t\t\t\t<span class=\"elementor-icon-list-text\">Date du projet : Octobre 2024<\/span>\n\t\t\t\t\t\t\t\t\t<\/li>\n\t\t\t\t\t\t\t\t<li class=\"elementor-icon-list-item elementor-inline-item\">\n\t\t\t\t\t\t\t\t\t\t\t<span class=\"elementor-icon-list-icon\">\n\t\t\t\t\t\t\t<svg aria-hidden=\"true\" class=\"e-font-icon-svg e-fas-laptop-code\" viewBox=\"0 0 640 512\" xmlns=\"http:\/\/www.w3.org\/2000\/svg\"><path d=\"M255.03 261.65c6.25 6.25 16.38 6.25 22.63 0l11.31-11.31c6.25-6.25 6.25-16.38 0-22.63L253.25 192l35.71-35.72c6.25-6.25 6.25-16.38 0-22.63l-11.31-11.31c-6.25-6.25-16.38-6.25-22.63 0l-58.34 58.34c-6.25 6.25-6.25 16.38 0 22.63l58.35 58.34zm96.01-11.3l11.31 11.31c6.25 6.25 16.38 6.25 22.63 0l58.34-58.34c6.25-6.25 6.25-16.38 0-22.63l-58.34-58.34c-6.25-6.25-16.38-6.25-22.63 0l-11.31 11.31c-6.25 6.25-6.25 16.38 0 22.63L386.75 192l-35.71 35.72c-6.25 6.25-6.25 16.38 0 22.63zM624 416H381.54c-.74 19.81-14.71 32-32.74 32H288c-18.69 0-33.02-17.47-32.77-32H16c-8.8 0-16 7.2-16 16v16c0 35.2 28.8 64 64 64h512c35.2 0 64-28.8 64-64v-16c0-8.8-7.2-16-16-16zM576 48c0-26.4-21.6-48-48-48H112C85.6 0 64 21.6 64 48v336h512V48zm-64 272H128V64h384v256z\"><\/path><\/svg>\t\t\t\t\t\t<\/span>\n\t\t\t\t\t\t\t\t\t\t<span class=\"elementor-icon-list-text\">Techno utilis\u00e9e : ESXI, Debian, Uptime Kuma, Microsoft Power automate<\/span>\n\t\t\t\t\t\t\t\t\t<\/li>\n\t\t\t\t\t\t<\/ul>\n\t\t\t\t\t\t<\/div>\n\t\t\t\t<\/div>\n\t\t\t\t<div class=\"elementor-element elementor-element-6a052c90 elementor-widget-divider--view-line elementor-widget elementor-widget-divider\" data-id=\"6a052c90\" data-element_type=\"widget\" data-e-type=\"widget\" data-widget_type=\"divider.default\">\n\t\t\t\t<div class=\"elementor-widget-container\">\n\t\t\t\t\t\t\t<div class=\"elementor-divider\">\n\t\t\t<span class=\"elementor-divider-separator\">\n\t\t\t\t\t\t<\/span>\n\t\t<\/div>\n\t\t\t\t\t\t<\/div>\n\t\t\t\t<\/div>\n\t\t\t\t<div class=\"elementor-element elementor-element-c8cbe2e elementor-widget elementor-widget-heading\" data-id=\"c8cbe2e\" data-element_type=\"widget\" data-e-type=\"widget\" data-widget_type=\"heading.default\">\n\t\t\t\t<div class=\"elementor-widget-container\">\n\t\t\t\t\t<h2 class=\"elementor-heading-title elementor-size-default\">Introduction \/ Objectif du projet<\/h2>\t\t\t\t<\/div>\n\t\t\t\t<\/div>\n\t\t\t\t<div class=\"elementor-element elementor-element-b86e9c3 elementor-widget elementor-widget-text-editor\" data-id=\"b86e9c3\" data-element_type=\"widget\" data-e-type=\"widget\" data-widget_type=\"text-editor.default\">\n\t\t\t\t<div class=\"elementor-widget-container\">\n\t\t\t\t\t\t\t\t\t<p class=\"p1\">Superviser des liens op\u00e9rateurs est essentielle pour garantir la continuit\u00e9 de service et anticiper les interruptions. Ce projet vise \u00e0 mettre en place un syst\u00e8me de surveillance proactif, utilisant <b>Uptime Kuma<\/b> pour le monitoring et <b>Power Automate<\/b> pour notifier les \u00e9quipes en cas de probl\u00e8me. L\u2019objectif est d\u2019am\u00e9liorer la r\u00e9activit\u00e9 des techniciens et d\u2019assurer une qualit\u00e9 de service optimale pour les utilisateurs.<\/p>\t\t\t\t\t\t\t\t<\/div>\n\t\t\t\t<\/div>\n\t\t\t\t<div class=\"elementor-element elementor-element-593cf79 elementor-widget elementor-widget-heading\" data-id=\"593cf79\" data-element_type=\"widget\" data-e-type=\"widget\" data-widget_type=\"heading.default\">\n\t\t\t\t<div class=\"elementor-widget-container\">\n\t\t\t\t\t<h2 class=\"elementor-heading-title elementor-size-default\">Description technique<\/h2>\t\t\t\t<\/div>\n\t\t\t\t<\/div>\n\t\t\t\t<div class=\"elementor-element elementor-element-7df9dc3 elementor-widget elementor-widget-heading\" data-id=\"7df9dc3\" data-element_type=\"widget\" data-e-type=\"widget\" data-widget_type=\"heading.default\">\n\t\t\t\t<div class=\"elementor-widget-container\">\n\t\t\t\t\t<h3 class=\"elementor-heading-title elementor-size-default\">Environnement utilis\u00e9 :<\/h3>\t\t\t\t<\/div>\n\t\t\t\t<\/div>\n\t\t\t\t<div class=\"elementor-element elementor-element-b9a8232 elementor-widget elementor-widget-text-editor\" data-id=\"b9a8232\" data-element_type=\"widget\" data-e-type=\"widget\" data-widget_type=\"text-editor.default\">\n\t\t\t\t<div class=\"elementor-widget-container\">\n\t\t\t\t\t\t\t\t\t<p class=\"p1\">\u2022<b>H\u00e9bergement<\/b> : Une machine virtuelle (VM) sur un serveur <b>VMware ESXi<\/b>.<\/p><p class=\"p1\">\u2022<b>Syst\u00e8me d\u2019exploitation<\/b> : Debian.<\/p><p class=\"p1\">\u2022<b>Uptime Kuma<\/b> : Install\u00e9 via la m\u00e9thode <b>PM2<\/b> pour garantir une ex\u00e9cution stable en arri\u00e8re-plan.<\/p><p class=\"p1\">\u2022<b>Microsoft Power Automate<\/b> : Configur\u00e9 pour traiter les alertes via un webhook.<\/p>\t\t\t\t\t\t\t\t<\/div>\n\t\t\t\t<\/div>\n\t\t\t\t<div class=\"elementor-element elementor-element-fc414a2 elementor-widget elementor-widget-heading\" data-id=\"fc414a2\" data-element_type=\"widget\" data-e-type=\"widget\" data-widget_type=\"heading.default\">\n\t\t\t\t<div class=\"elementor-widget-container\">\n\t\t\t\t\t<h3 class=\"elementor-heading-title elementor-size-default\">Configuration mise en place :<\/h3>\t\t\t\t<\/div>\n\t\t\t\t<\/div>\n\t\t\t\t<div class=\"elementor-element elementor-element-4e54986 elementor-widget elementor-widget-text-editor\" data-id=\"4e54986\" data-element_type=\"widget\" data-e-type=\"widget\" data-widget_type=\"text-editor.default\">\n\t\t\t\t<div class=\"elementor-widget-container\">\n\t\t\t\t\t\t\t\t\t<p class=\"p1\"><strong>1.<\/strong><b>Installation d\u2019Uptime Kuma<\/b> :<\/p><p class=\"p2\">\u2022Installation compl\u00e8te document\u00e9e ici : <a href=\"https:\/\/titouanrenard.fr\/index.php\/2024\/12\/29\/installation-uptime-kuma\/\">Guide d\u2019installation Uptime Kuma<\/a>.<\/p><p class=\"p2\">\u2022Chaque sonde Ping v\u00e9rifie les adresses IP publiques des clients op\u00e9rateurs \u00e0 un intervalle de 20 secondes, avec 3 essais avant de d\u00e9clarer un probl\u00e8me.<\/p><p class=\"p1\"><strong>2.<\/strong><b>Int\u00e9gration avec Power Automate<\/b> :<\/p><p class=\"p2\">\u2022Un webhook configur\u00e9 dans Uptime Kuma envoie des notifications \u00e0 un flux Power Automate.<\/p><p class=\"p2\">\u2022Le flux transmet les alertes aux techniciens via un canal Microsoft Teams.<\/p>\t\t\t\t\t\t\t\t<\/div>\n\t\t\t\t<\/div>\n\t\t\t\t<div class=\"elementor-element elementor-element-8722636 elementor-widget elementor-widget-heading\" data-id=\"8722636\" data-element_type=\"widget\" data-e-type=\"widget\" data-widget_type=\"heading.default\">\n\t\t\t\t<div class=\"elementor-widget-container\">\n\t\t\t\t\t<h2 class=\"elementor-heading-title elementor-size-default\">R\u00e9sultat et impact<\/h2>\t\t\t\t<\/div>\n\t\t\t\t<\/div>\n\t\t\t\t<div class=\"elementor-element elementor-element-141a745 elementor-widget elementor-widget-text-editor\" data-id=\"141a745\" data-element_type=\"widget\" data-e-type=\"widget\" data-widget_type=\"text-editor.default\">\n\t\t\t\t<div class=\"elementor-widget-container\">\n\t\t\t\t\t\t\t\t\t<p class=\"p1\">\u2022<b>R\u00e9duction du temps de r\u00e9action<\/b> : Les techniciens re\u00e7oivent des notifications en temps r\u00e9el, permettant de cr\u00e9er des tickets avant m\u00eame que les utilisateurs signalent un probl\u00e8me.<\/p><p class=\"p1\">\u2022<b>Am\u00e9lioration de la qualit\u00e9 de service<\/b> : La disponibilit\u00e9 des liens est mieux surveill\u00e9e, r\u00e9duisant les interruptions prolong\u00e9es.<\/p><p class=\"p1\">\u2022<b>Centralisation des alertes<\/b> : Teams devient le point central pour g\u00e9rer les incidents r\u00e9seau, facilitant la communication interne.<\/p>\t\t\t\t\t\t\t\t<\/div>\n\t\t\t\t<\/div>\n\t\t\t\t<div class=\"elementor-element elementor-element-66009b8 elementor-widget elementor-widget-heading\" data-id=\"66009b8\" data-element_type=\"widget\" data-e-type=\"widget\" data-widget_type=\"heading.default\">\n\t\t\t\t<div class=\"elementor-widget-container\">\n\t\t\t\t\t<h2 class=\"elementor-heading-title elementor-size-default\">Challenges rencontr\u00e9s et solutions<\/h2>\t\t\t\t<\/div>\n\t\t\t\t<\/div>\n\t\t\t\t<div class=\"elementor-element elementor-element-1c6c491 elementor-widget elementor-widget-heading\" data-id=\"1c6c491\" data-element_type=\"widget\" data-e-type=\"widget\" data-widget_type=\"heading.default\">\n\t\t\t\t<div class=\"elementor-widget-container\">\n\t\t\t\t\t<h2 class=\"elementor-heading-title elementor-size-default\">Ressources<\/h2>\t\t\t\t<\/div>\n\t\t\t\t<\/div>\n\t\t\t\t<div class=\"elementor-element elementor-element-1f78fd0 elementor-widget elementor-widget-text-editor\" data-id=\"1f78fd0\" data-element_type=\"widget\" data-e-type=\"widget\" data-widget_type=\"text-editor.default\">\n\t\t\t\t<div class=\"elementor-widget-container\">\n\t\t\t\t\t\t\t\t\t<p class=\"p1\">\u2022<b>Guide d\u2019installation d\u2019Uptime Kuma<\/b> :<\/p><p class=\"p2\"><a href=\"https:\/\/titouanrenard.fr\/index.php\/2024\/12\/29\/installation-uptime-kuma\/\">Installation et utilisation d\u2019Uptime Kuma<\/a><\/p><p class=\"p1\">\u2022<b>D\u00e9p\u00f4t GitHub d\u2019Uptime Kuma<\/b> :<\/p><p class=\"p2\"><a href=\"https:\/\/github.com\/louislam\/uptime-kuma\" target=\"_blank\" rel=\"noopener\">https:\/\/github.com\/louislam\/uptime-kuma<\/a><\/p><p class=\"p1\">\u2022<b>Documentation officielle de Power Automate<\/b> :<\/p><p class=\"p2\"><a href=\"https:\/\/learn.microsoft.com\/power-automate\/\" target=\"_blank\" rel=\"noopener\">Power Automate Documentation<\/a><\/p>\t\t\t\t\t\t\t\t<\/div>\n\t\t\t\t<\/div>\n\t\t\t\t\t<\/div>\n\t\t<\/div>\n\t\t\t\t\t<\/div>\n\t\t<\/section>\n\t\t\t\t<\/div>\n\t\t","protected":false},"excerpt":{"rendered":"<p>Superviser les liens op\u00e9rateurs avec Uptime Kuma et Power Automate : un projet alliant monitoring pr\u00e9cis et alertes automatis\u00e9es pour une r\u00e9activit\u00e9 am\u00e9lior\u00e9e.<\/p>\n","protected":false},"author":1,"featured_media":1445,"parent":212,"menu_order":0,"comment_status":"closed","ping_status":"closed","template":"","meta":{"footnotes":""},"class_list":["post-1385","page","type-page","status-publish","has-post-thumbnail","hentry"],"_links":{"self":[{"href":"https:\/\/titouanrenard.fr\/index.php\/wp-json\/wp\/v2\/pages\/1385","targetHints":{"allow":["GET"]}}],"collection":[{"href":"https:\/\/titouanrenard.fr\/index.php\/wp-json\/wp\/v2\/pages"}],"about":[{"href":"https:\/\/titouanrenard.fr\/index.php\/wp-json\/wp\/v2\/types\/page"}],"author":[{"embeddable":true,"href":"https:\/\/titouanrenard.fr\/index.php\/wp-json\/wp\/v2\/users\/1"}],"replies":[{"embeddable":true,"href":"https:\/\/titouanrenard.fr\/index.php\/wp-json\/wp\/v2\/comments?post=1385"}],"version-history":[{"count":82,"href":"https:\/\/titouanrenard.fr\/index.php\/wp-json\/wp\/v2\/pages\/1385\/revisions"}],"predecessor-version":[{"id":1472,"href":"https:\/\/titouanrenard.fr\/index.php\/wp-json\/wp\/v2\/pages\/1385\/revisions\/1472"}],"up":[{"embeddable":true,"href":"https:\/\/titouanrenard.fr\/index.php\/wp-json\/wp\/v2\/pages\/212"}],"wp:featuredmedia":[{"embeddable":true,"href":"https:\/\/titouanrenard.fr\/index.php\/wp-json\/wp\/v2\/media\/1445"}],"wp:attachment":[{"href":"https:\/\/titouanrenard.fr\/index.php\/wp-json\/wp\/v2\/media?parent=1385"}],"curies":[{"name":"wp","href":"https:\/\/api.w.org\/{rel}","templated":true}]}}